{"id":36914,"date":"2022-10-21T15:55:35","date_gmt":"2022-10-21T13:55:35","guid":{"rendered":"https:\/\/www.guidonisrl.it\/diritto-di-recesso\/"},"modified":"2022-10-21T15:55:35","modified_gmt":"2022-10-21T13:55:35","slug":"diritto-di-recesso","status":"publish","type":"page","link":"https:\/\/www.guidonisrl.it\/en\/diritto-di-recesso\/","title":{"rendered":"Diritto di recesso"},"content":{"rendered":"<div class=\"wpb-content-wrapper\">[vc_row][vc_column][vc_column_text el_class=&#8221;h2Guid&#8221;]\n<h2>DIRITTO DI RECESSO<\/h2>\n[\/vc_column_text][vc_column_text el_class=&#8221;txtGuid&#8221;]Per Guidoni srl la finalit\u00e0 principale \u00e8 la tua completa soddisfazione.<\/p>\n<ol>\n<li>Se per qualche ragione tu utente consumatore non sei soddisfatto del tuo ordine puoi esercitare il tuo diritto di recesso, senza alcuna penalit\u00e0, entro quattordici (14) giorni dal giorno in cui hai ricevuto i prodotti acquistati su<a href=\"https:\/\/guidonisrl.it\"> www.guidonisrl.it<\/a>. I prodotti da restituire devono essere rispediti e\/o riconsegnati entro quattordici (14) giorni dalla data in cui hai comunicato a Guidoni srl la tua decisione di recedere dal contratto. In caso di invii multipli il termine di quattordici (14) giorni, per esercitare il diritto di recesso, decorrer\u00e0 dall\u2019ultima consegna e comunque secondo quanto previsto dall\u2019art. 52 del Dlgs 206\/2005 (Codice del Consumo). I prodotti possono essere restituiti utilizzando lo strumento preferito dal cliente il quale ne dovr\u00e0 sostenere i relativi costi e comunque solo dopo aver effettuato la comunicazione del recesso. La suddetta comunicazione pu\u00f2 essere effettuata mediante l&#8217;apposito Modulo di reso che viene messo a disposizione dalla Guidoni srl, ovvero dopo aver redatto ed inviato a Guidoni srl altra dichiarazione esplicita della tua decisione di recedere dal contratto. Fermo restando, in tale seconda ipotesi, che rester\u00e0 a tuo carico l\u2019onere di provare il corretto e tempestivo esercizio del diritto di recesso.<\/li>\n<li>Il diritto di recesso si intende esercitato correttamente qualora siano interamente rispettate le seguenti condizioni:<br \/>\na) Il Modulo di reso trasmesso direttamente on line attraverso il sito <a href=\"https:\/\/guidonisrl.it\">www.guidonisrl.it<\/a> o altra dichiarazione esplicita della tua decisione di recedere dal contratto devono essere correttamente compilati e trasmessi a Guidoni srl entro quattordici (14) giorni dal ricevimento dei prodotti. La comunicazione pu\u00f2 essere inviata, entro lo stesso termine, anche mediante raccomandata all\u2019indirizzo di Guidoni srl via della Robbia n. 7 Montemurlo (59013-PO) oppure via pec all\u2019indirizzo <a href=\"mailto:guidonisrl@messaggipec.it\">guidonisrl@messaggipec.it<\/a>.<br \/>\nb) i prodotti non devono essere stati utilizzati o danneggiati;<br \/>\nc) i prodotti devono essere restituiti nella loro confezione originale (nel caso in cui si voglia rendere un kit, si deve restituire tutti gli articoli che lo compongono);<br \/>\nd) i prodotti resi devono essere consegnati al corriere entro quattordici (14) giorni che decorrono da quando hai comunicato a Guidoni srl la tua decisione di recedere dal contratto.<br \/>\nSe hai rispettato tutte le condizioni richieste, Guidoni srl ti rimborser\u00e0 integralmente il prezzo dei prodotti acquistati, comprensive delle spese di spedizioni per l&#8217;acquisto se sostenute, restando a tuo carico unicamente le spese del reso, vale a dire quelle per la restituzione a Guidoni srl dei prodotti acquistati. Nelle somme rimborsate a titolo di spese di spedizione per l&#8217;acquisto non saranno comunque comprese quelle maggiori sostenute per aver scelto una particolare e diversa modalit\u00e0 di spedizione rispetto a quella offerta dalla Guidoni srl. Sarai contattato se il tuo reso non potr\u00e0 essere accettato perch\u00e9 non conforme alle condizioni del precedente paragrafo. In questo caso, potrai scegliere di riavere i prodotti acquistati a tue spese. Nel caso tu rifiutassi questa spedizione Guidoni srl si riserva il diritto di trattenere i prodotti e l\u2019importo corrispondente al prezzo d\u2019acquisto dei prodotti.<\/li>\n<li>Dopo che Guidoni srl avr\u00e0 ricevuto il tuo reso e controllato che tutti i requisiti siano stati rispettati, riceverai una e-mail di conferma di accettazione del reso. Qualunque sia la modalit\u00e0 di pagamento da te utilizzata per l&#8217;acquisto il rimborso sar\u00e0 attivato da Guidoni srl nel minore tempo possibile compatibilmente ai tempi previsti per legge e quelli previsti dai soggetti terzi interessati dal rimborso medesimo quali ad esempio gli istituti bancari interessati. Normalmente il riaccredito avviene nel termine di quattordici (14) giorni dal ricevimento dei prodotti. L&#8217;accredito avverr\u00e0 nelle medesime modalit\u00e0 in cui \u00e8 stato eseguito il pagamento al momento dell&#8217;acquisto, fatta eccezione nel caso in cui il pagamento sia avvenuto in contanti alla consegna: in tale ultimo caso per ottenere il rimborso dovrai comunicarci i riferimenti del tuo conto corrente; per tale motivo il tempo di rimborso potr\u00e0 dipendere dalla correttezza dei dati che inserisci. Si precisa tuttavia che nel caso tu abbia scelto la modalit\u00e0 di pagamento in contrassegno i maggiori oneri derivanti non saranno in alcun caso oggetto di restituzione. Per conoscere l&#8217;entit\u00e0 del maggior costo per il contrassegno ti invitiamo a leggere l&#8217;apposita sezione nelle <a href=\"https:\/\/guidonisrl.it\/condizioni-generali-di-vendita\/\">Condizioni Generali di Vendita<\/a>. In ogni caso per velocizzare e per rendere pi\u00f9 efficiente il servizio di restituzione delle somme ti invitiamo a voler specificare, come previsto nel nostro Modulo di reso , i tuoi riferimenti bancari. Qualora tu lo desideri, in alternativa al rimborso (sulla tua carta di credito\/debito, sul conto PayPal o sul conto corrente da te indicato), al momento dell\u2019esercizio del diritto di recesso, potrai scegliere di ricevere il rimborso attraverso un buono spesa, del medesimo valore degli importi oggetto di rimborso che potrai liberamente spendere in un futuro acquisto su <a href=\"https:\/\/guidonisrl.it\">www.guidonisrl.it<\/a>. Il buono sar\u00e0 utilizzabile per effettuare acquisti sul sito <a href=\"https:\/\/guidonisrl.it\">www.guidonisrl.it<\/a> al checkout del carrello nell&#8217;apposito spazio d&#8217;inserimento del codice voucher, in una unica soluzione entro la data indicata nel suddetto voucher che ti verr\u00e0 inviato tramite mail. In ogni momento potrai richiedere il rimborso totale del medesimo. Guidoni srl provveder\u00e0 al rimborso totale dell\u2019importo del buono, esistente al momento della relativa richiesta di rimborso entro quattordici (14) giorni dal ricevimento della stessa.<\/li>\n<li>Le presenti Condizioni per l\u2019esercizio del diritto di recesso, facenti parte integrante delle <a href=\"https:\/\/guidonisrl.it\/condizioni-generali-di-vendita\/\">Condizioni Generali di Vendita<\/a>, sono regolate dalla legge italiana ed in particolare dal decreto legislativo 6 settembre 2005 n. 206, (Codice del consumo).<\/li>\n<li>Nel caso in cui alcuni dei link precedentemente indicati non fossero funzionanti ti preghiamo di segnalarcelo.<\/li>\n<\/ol>\n[\/vc_column_text][\/vc_column][\/vc_row]\n<\/div>","protected":false},"excerpt":{"rendered":"[vc_row][vc_column][vc_column_text el_class=&#8221;h2Guid&#8221;] DIRITTO DI RECESSO [\/vc_column_text][vc_column_text el_class=&#8221;txtGuid&#8221;]Per Guidoni srl la finalit\u00e0 principale \u00e8 la tua completa soddisfazione. Se per qualche ragione tu utente consumatore non sei soddisfatto del tuo ordine puoi esercitare il tuo diritto di recesso, senza alcuna penalit\u00e0, entro quattordici (14) giorni dal giorno in cui hai ricevuto i prodotti acquistati su www.guidonisrl.it. [&#8230;]\n","protected":false},"author":2,"featured_media":0,"parent":0,"menu_order":0,"comment_status":"closed","ping_status":"closed","template":"","meta":{"_acf_changed":false,"footnotes":""},"class_list":["post-36914","page","type-page","status-publish","hentry"],"acf":[],"yoast_head":"<!-- This site is optimized with the Yoast SEO plugin v26.7 - https:\/\/yoast.com\/wordpress\/plugins\/seo\/ -->\n<title>Diritto di recesso - Guidoni srl<\/title>\n<meta name=\"robots\" content=\"index, follow, max-snippet:-1, max-image-preview:large, max-video-preview:-1\" \/>\n<link rel=\"canonical\" href=\"https:\/\/www.guidonisrl.it\/en\/diritto-di-recesso\/\" \/>\n<meta property=\"og:locale\" content=\"en_US\" \/>\n<meta property=\"og:type\" content=\"article\" \/>\n<meta property=\"og:title\" content=\"Diritto di recesso - Guidoni srl\" \/>\n<meta property=\"og:description\" content=\"[vc_row][vc_column][vc_column_text el_class=&#8221;h2Guid&#8221;] DIRITTO DI RECESSO [\/vc_column_text][vc_column_text el_class=&#8221;txtGuid&#8221;]Per Guidoni srl la finalit\u00e0 principale \u00e8 la tua completa soddisfazione. Se per qualche ragione tu utente consumatore non sei soddisfatto del tuo ordine puoi esercitare il tuo diritto di recesso, senza alcuna penalit\u00e0, entro quattordici (14) giorni dal giorno in cui hai ricevuto i prodotti acquistati su www.guidonisrl.it. [...]\" \/>\n<meta property=\"og:url\" content=\"https:\/\/www.guidonisrl.it\/en\/diritto-di-recesso\/\" \/>\n<meta property=\"og:site_name\" content=\"Guidoni srl\" \/>\n<meta name=\"twitter:card\" content=\"summary_large_image\" \/>\n<meta name=\"twitter:label1\" content=\"Est. reading time\" \/>\n\t<meta name=\"twitter:data1\" content=\"5 minutes\" \/>\n<script type=\"application\/ld+json\" class=\"yoast-schema-graph\">{\"@context\":\"https:\/\/schema.org\",\"@graph\":[{\"@type\":\"WebPage\",\"@id\":\"https:\/\/www.guidonisrl.it\/en\/diritto-di-recesso\/\",\"url\":\"https:\/\/www.guidonisrl.it\/en\/diritto-di-recesso\/\",\"name\":\"Diritto di recesso - Guidoni srl\",\"isPartOf\":{\"@id\":\"https:\/\/www.guidonisrl.it\/#website\"},\"datePublished\":\"2022-10-21T13:55:35+00:00\",\"breadcrumb\":{\"@id\":\"https:\/\/www.guidonisrl.it\/en\/diritto-di-recesso\/#breadcrumb\"},\"inLanguage\":\"en-US\",\"potentialAction\":[{\"@type\":\"ReadAction\",\"target\":[\"https:\/\/www.guidonisrl.it\/en\/diritto-di-recesso\/\"]}]},{\"@type\":\"BreadcrumbList\",\"@id\":\"https:\/\/www.guidonisrl.it\/en\/diritto-di-recesso\/#breadcrumb\",\"itemListElement\":[{\"@type\":\"ListItem\",\"position\":1,\"name\":\"Home\",\"item\":\"https:\/\/www.guidonisrl.it\/en\/\"},{\"@type\":\"ListItem\",\"position\":2,\"name\":\"Diritto di recesso\"}]},{\"@type\":\"WebSite\",\"@id\":\"https:\/\/www.guidonisrl.it\/#website\",\"url\":\"https:\/\/www.guidonisrl.it\/\",\"name\":\"Guidoni srl\",\"description\":\"Test the Difference\",\"potentialAction\":[{\"@type\":\"SearchAction\",\"target\":{\"@type\":\"EntryPoint\",\"urlTemplate\":\"https:\/\/www.guidonisrl.it\/?s={search_term_string}\"},\"query-input\":{\"@type\":\"PropertyValueSpecification\",\"valueRequired\":true,\"valueName\":\"search_term_string\"}}],\"inLanguage\":\"en-US\"}]}<\/script>\n<!-- \/ Yoast SEO plugin. -->","yoast_head_json":{"title":"Diritto di recesso - Guidoni srl","robots":{"index":"index","follow":"follow","max-snippet":"max-snippet:-1","max-image-preview":"max-image-preview:large","max-video-preview":"max-video-preview:-1"},"canonical":"https:\/\/www.guidonisrl.it\/en\/diritto-di-recesso\/","og_locale":"en_US","og_type":"article","og_title":"Diritto di recesso - Guidoni srl","og_description":"[vc_row][vc_column][vc_column_text el_class=&#8221;h2Guid&#8221;] DIRITTO DI RECESSO [\/vc_column_text][vc_column_text el_class=&#8221;txtGuid&#8221;]Per Guidoni srl la finalit\u00e0 principale \u00e8 la tua completa soddisfazione. Se per qualche ragione tu utente consumatore non sei soddisfatto del tuo ordine puoi esercitare il tuo diritto di recesso, senza alcuna penalit\u00e0, entro quattordici (14) giorni dal giorno in cui hai ricevuto i prodotti acquistati su www.guidonisrl.it. [...]","og_url":"https:\/\/www.guidonisrl.it\/en\/diritto-di-recesso\/","og_site_name":"Guidoni srl","twitter_card":"summary_large_image","twitter_misc":{"Est. reading time":"5 minutes"},"schema":{"@context":"https:\/\/schema.org","@graph":[{"@type":"WebPage","@id":"https:\/\/www.guidonisrl.it\/en\/diritto-di-recesso\/","url":"https:\/\/www.guidonisrl.it\/en\/diritto-di-recesso\/","name":"Diritto di recesso - Guidoni srl","isPartOf":{"@id":"https:\/\/www.guidonisrl.it\/#website"},"datePublished":"2022-10-21T13:55:35+00:00","breadcrumb":{"@id":"https:\/\/www.guidonisrl.it\/en\/diritto-di-recesso\/#breadcrumb"},"inLanguage":"en-US","potentialAction":[{"@type":"ReadAction","target":["https:\/\/www.guidonisrl.it\/en\/diritto-di-recesso\/"]}]},{"@type":"BreadcrumbList","@id":"https:\/\/www.guidonisrl.it\/en\/diritto-di-recesso\/#breadcrumb","itemListElement":[{"@type":"ListItem","position":1,"name":"Home","item":"https:\/\/www.guidonisrl.it\/en\/"},{"@type":"ListItem","position":2,"name":"Diritto di recesso"}]},{"@type":"WebSite","@id":"https:\/\/www.guidonisrl.it\/#website","url":"https:\/\/www.guidonisrl.it\/","name":"Guidoni srl","description":"Test the Difference","potentialAction":[{"@type":"SearchAction","target":{"@type":"EntryPoint","urlTemplate":"https:\/\/www.guidonisrl.it\/?s={search_term_string}"},"query-input":{"@type":"PropertyValueSpecification","valueRequired":true,"valueName":"search_term_string"}}],"inLanguage":"en-US"}]}},"_links":{"self":[{"href":"https:\/\/www.guidonisrl.it\/en\/wp-json\/wp\/v2\/pages\/36914","targetHints":{"allow":["GET"]}}],"collection":[{"href":"https:\/\/www.guidonisrl.it\/en\/wp-json\/wp\/v2\/pages"}],"about":[{"href":"https:\/\/www.guidonisrl.it\/en\/wp-json\/wp\/v2\/types\/page"}],"author":[{"embeddable":true,"href":"https:\/\/www.guidonisrl.it\/en\/wp-json\/wp\/v2\/users\/2"}],"replies":[{"embeddable":true,"href":"https:\/\/www.guidonisrl.it\/en\/wp-json\/wp\/v2\/comments?post=36914"}],"version-history":[{"count":0,"href":"https:\/\/www.guidonisrl.it\/en\/wp-json\/wp\/v2\/pages\/36914\/revisions"}],"wp:attachment":[{"href":"https:\/\/www.guidonisrl.it\/en\/wp-json\/wp\/v2\/media?parent=36914"}],"curies":[{"name":"wp","href":"https:\/\/api.w.org\/{rel}","templated":true}]}}