{"id":36916,"date":"2022-10-21T15:39:11","date_gmt":"2022-10-21T13:39:11","guid":{"rendered":"https:\/\/www.guidonisrl.it\/condizioni-duso\/"},"modified":"2023-02-10T13:25:25","modified_gmt":"2023-02-10T11:25:25","slug":"condizioni-duso","status":"publish","type":"page","link":"https:\/\/www.guidonisrl.it\/en\/condizioni-duso\/","title":{"rendered":"Terms &#038; Conditions"},"content":{"rendered":"<div class=\"wpb-content-wrapper\">[vc_row][vc_column][vc_column_text el_class=&#8221;h2Guid&#8221;]\n<h2>CONDIZIONI D&#8217;USO<\/h2>\n[\/vc_column_text][vc_column_text el_class=&#8221;txtGuid&#8221;]Benvenuto sul nostro sito web <a href=\"https:\/\/guidonisrl.it\/\">www.guidonisrl.it<\/a>.<br \/>\nL&#8217;accesso e l&#8217;uso di <a href=\"https:\/\/guidonisrl.it\/\">www.guidonisrl.it<\/a> sono attivit\u00e0 regolate dalle presenti Condizioni Generali d&#8217;Uso del sito web <a href=\"https:\/\/guidonisrl.it\/\">www.guidonisrl.it<\/a>.<br \/>\nLe seguenti condizioni, unitamente ai documenti ivi richiamati, informano l\u2019utente sui termini di utilizzo del sito <a href=\"https:\/\/guidonisrl.it\/\">www.guidonisrl.it<\/a> sia come visitatore che come utente registrato. L&#8217;accesso e l&#8217;uso di questo sito web, cos\u00ec come l&#8217;acquisto dei prodotti su guidonisrl.it, presuppongono la lettura, la conoscenza e l&#8217;accettazione di queste Condizioni Generali d&#8217;Uso.<br \/>\nLa Guidoni srl potr\u00e0 modificare o semplicemente aggiornare, in tutto o in parte, queste Condizioni Generali d&#8217;Uso; le modifiche e gli aggiornamenti delle Condizioni Generali d&#8217;Uso saranno notificati mediante la pubblicazione sul sito web in questa stessa sezione e saranno immediatamente vincolanti da tale momento per tutti gli utenti.<br \/>\n<strong>SI PREGA DI LEGGERE ATTENTAMENTE LE SEGUENTI CONDIZIONI IN QUANTO POSSONO AVER SUBITO DELLE MODIFICHE DALLA TUA ULTIMA VISITA AL SITO. UTILIZZANDO IL SITO, TU ACCETTI LE PRESENTI CONDIZIONI.<\/strong><br \/>\nTi preghiamo pertanto di accedere con regolarit\u00e0 a questa sezione per verificare la pubblicazione delle pi\u00f9 recenti e aggiornate <a href=\"https:\/\/guidonisrl.it\/condizioni-uso\/\">Condizioni Generali d&#8217;Uso<\/a> di <a href=\"https:\/\/guidonisrl.it\/\">www.guidonisrl.it<\/a> Qualora non dovessi concordare, in tutto o in parte, con le <a href=\"https:\/\/guidonisrl.it\/condizioni-uso\/\">Condizioni Generali d&#8217;Uso<\/a> di <a href=\"https:\/\/guidonisrl.it\/\">www.guidonisrl.it<\/a>, ti preghiamo di non usare il nostro sito web.<br \/>\nL&#8217;utilizzo continuativo di questo sito web \u00e8 considerato come accettazione dei termini d&#8217;uso come di volta in volta aggiornati e modificati.<\/p>\n<ol>\n<li>I prodotti acquistati su <a href=\"https:\/\/guidonisrl.it\/\">www.guidonisrl.it<\/a> sono venduti direttamente da Guidoni srl, con sede legale in Italia, Via della Robbia n. 7 \u2013 Montemurlo (59013-PO), Iscr. Reg. Imp., C.F. e P.IVA n. 02156970978, Cap. Soc. Euro 119.900,00 int. vers.<br \/>\nSe hai bisogno di assistenza visita l&#8217;area <a href=\"https:\/\/guidonisrl.it\/contatti\/assistenza-e-commerce\/\">assistenza e-commerce<\/a> sotto la sezione &#8220;contatti&#8221;.<br \/>\nSotto la sezione &#8220;<strong>ASSISTENZA CLIENTI<\/strong>&#8221; (nel footer del sito) potrai inoltre trovare informazioni in merito ad ordini e spedizioni, ai rimborsi ed alla restituzione dei prodotti acquistati su <a href=\"https:\/\/guidonisrl.it\/\">www.guidonisrl.it<\/a>, al modulo di registrazione al sito web, alla risoluzione delle dispute on-line, ai suggerimenti ed altre informazioni generali sui servizi forniti da <a href=\"https:\/\/guidonisrl.it\/\">www.guidonisrl.it<\/a>. Potrai infine richiedere qualsiasi informazione a Guidoni Srl mandando una mail al seguente indirizzo <a href=\"mailto:info@guidonisrl.it\">info@guidonisrl.it<\/a> o compilando gli appositi moduli sotto la sezione &#8220;contatti&#8221;.<br \/>\nPer qualsiasi altra informazione legale, consulta le sezioni <a href=\"https:\/\/guidonisrl.it\/condizioni-generali-di-vendita\/\">Condizioni Generali di Vendita<\/a>, <a href=\"https:\/\/guidonisrl.it\/diritto-di-recesso\/\">Diritto di Recesso<\/a> per il consumatore, <a href=\"https:\/\/guidonisrl.it\/gdpr-privacy\/\">Privacy Policy<\/a> e <a href=\"https:\/\/guidonisrl.it\/cookies\/\">Cookie Policy<\/a> di <a href=\"https:\/\/guidonisrl.it\/\">www.guidonisrl.it<\/a>.<\/li>\n<li>Se vuoi puoi registrarti al Sito al seguente <a href=\"https:\/\/guidonisrl.it\/registrati\/\">link<\/a>. Per effettuare gli acquisti la <a href=\"https:\/\/guidonisrl.it\/registrati\/\">registrazione<\/a> \u00e8 obbligatoria. Per effettuare la <a href=\"https:\/\/guidonisrl.it\/registrati\/\">registrazione<\/a> dovrai inserire nell\u2019apposito modulo i tuoi dati e seguire le istruzioni fornite. Non appena avrai inserito tutti i dati, taluni dei quali, contrassegnati con *, dovranno essere forniti obbligatoriamente per la registrazione al sito, dovrai premere su REGISTRATI. A quel punto riceverai in automatico una mail contenente la password di accesso che ti consigliamo di cambiare al primo utilizzo, ti invitiamo inoltre a compilare tutte le parti necessarie per la fatturazione nella sezione <a href=\"https:\/\/guidonisrl.it\/mio-account\/\">mio account<\/a>.<br \/>\nTi ricordiamo che taluni dati, contrassegnati con *, dovranno essere forniti obbligatoriamente per consentirci di fornirti il servizio. A questo punto potrai accedere a tutti i servizi e procedere con i tuoi acquisti.<br \/>\nPuoi inoltre iscriverti alla newsletter di Guidoni srl inserendo il tuo indirizzo di posta elettronica nell&#8217;apposito spazio che troverai su tutte la pagine del sito in basso e seguendo l\u2019apposito iter che ti verr\u00e0 indicato. Anche in questo caso taluni dati che ti verranno richiesti, contrassegnati con *, saranno da fornire obbligatoriamente per accedere al sito web e consentirci di fornirti il servizio richiesto.<br \/>\nI dati di registrazione di cui sopra sono considerati personali e dunque ti invitiamo a trattare tali informazioni come riservate e a non divulgarle a terzi. In ogni caso sarai ritenuto responsabile per l\u2019utilizzo che eventuali terzi ne dovessero fare.<br \/>\nGuidoni srl si riserva il diritto di disattivare in qualsiasi momento la login e password se, a Suo giudizio, Tu non hai rispettato le presenti Condizioni.<br \/>\nTutti i dati che ci fornirai saranno comunque trattati secondo le normative vigenti e conformemente alla nostra <a href=\"https:\/\/guidonisrl.it\/gdpr-privacy\/\">Privacy Policy<\/a>, che ti invitiamo a leggere.<\/li>\n<li>Ricordati che sarai l&#8217;unico ed il solo responsabile per l&#8217;uso di <a href=\"https:\/\/guidonisrl.it\/\">www.guidonisrl.it<\/a> e dei suoi contenuti. Guidoni Srl infatti non potr\u00e0 essere considerata responsabile dell&#8217;uso non conforme alle norme di legge vigenti, del sito web e dei contenuti da parte di ciascuno dei propri utenti, salva la responsabilit\u00e0 di Guidoni srl per dolo o colpa grave. In particolare, sarai l&#8217;unico ed il solo responsabile per la comunicazione di informazioni e di dati non corretti, falsi o relativi a terzi soggetti, senza che questi abbiano espresso il loro consenso, nonch\u00e9 in considerazione di un uso non corretto degli stessi.<\/li>\n<li>I contenuti di <a href=\"https:\/\/guidonisrl.it\/\">www.guidonisrl.it<\/a>, quali, a titolo esemplificativo, le opere, le immagini, le fotografie, i dialoghi, le musiche, i suoni ed i video, i documenti, i disegni, le figure, i loghi ed ogni altro materiale, in qualsiasi formato, pubblicato sul sito guidonisrl.it, compresi i menu, le pagine web, la grafica, i colori, gli schemi, gli strumenti, i caratteri ed il design del sito web, i diagrammi, il layouts, i metodi, i processi, le funzioni ed il software che fanno parte di guidonisrl.it, sono protetti dal diritto d&#8217;autore e da ogni altro diritto di propriet\u00e0 intellettuale di Guidoni srl e degli altri titolari dei diritti. \u00c8 vietata la riproduzione, in tutto o in parte, in qualsiasi forma, di guidonisrl.it dei suoi contenuti, senza il consenso espresso in forma scritta di Guidoni srl. Guidoni Srl ha il diritto esclusivo di autorizzare o vietare la riproduzione diretta o indiretta, temporanea o permanente, in qualunque modo o forma, in tutto o in parte, di <a href=\"https:\/\/guidonisrl.it\/\">www.guidonisrl.it<\/a> e dei suoi contenuti. Sei, pertanto, autorizzato unicamente a visualizzare il sito web ed i suoi contenuti e ad operare nei termini che ti sono consentiti dalla legge. Ti \u00e8 vietata, se non autorizzato all&#8217;uopo da Guidoni srl, l&#8217;esecuzione di riproduzioni, su qualsiasi supporto in tutto o in parte di guidonisrl.it e dei suoi contenuti. Qualsiasi atto di riproduzione dovr\u00e0 essere, di volta in volta, autorizzato da Guidoni srl o, all&#8217;occorrenza, dagli autori delle singole opere contenute nel sito web. Tali operazioni di riproduzione dovranno essere comunque eseguite per scopi leciti e nel rispetto del diritto d&#8217;autore e degli altri diritti di propriet\u00e0 intellettuale di Guidoni srl e degli autori delle singole opere contenute nel sito web. Gli autori di singole opere pubblicate su guidonisrl.it hanno, in qualsiasi momento, il diritto di rivendicare la paternit\u00e0 delle proprie opere e di opporsi a qualsiasi deformazione o modificazione delle opere stesse compreso ogni atto a danno arrecato alle opere, che sia di pregiudizio al loro onore o alla loro reputazione. Sul sito guidonisrl.it sono presenti numerosi marchi. Tutti i marchi eventualmente utilizzati sono (C) Copyright delle rispettive case produttrici. Guidoni Srl e tutti gli altri titolari di marchi registrati hanno la facolt\u00e0 di far uso esclusivo dei marchi di rispettiva titolarit\u00e0. Non sei pertanto autorizzato, salvo espresso consenso dei singoli titolari ad usare detti marchi, per contraddistinguere prodotti o servizi anche non affini a quelli di guidonisrl.it o degli altri titolari di marchi. Sul sito web <a href=\"https:\/\/guidonisrl.it\/\">www.guidonisrl.it<\/a> possono essere presenti prodotti in vendita a marchio celebre o noto al pubblico e ad ogni utente. Qualsiasi uso di detti marchi non conforme alla legge e, in quanto non autorizzato, \u00e8 vietato e comporta conseguenze legali gravi. Non \u00e8 in alcun modo consentito usare detti marchi ed ogni altro segno distintivo presente su guidonisrl.it per trarre indebitamente vantaggio dal carattere distintivo o dalla rinomanza di questi marchi o in modo da recare pregiudizio agli stessi ed ai loro titolari.<\/li>\n<li>L&#8217;utente accetta che Guidoni srl venga considerato esonerato da responsabilit\u00e0 per ogni materiale che sar\u00e0 scaricato o altrimenti ottenuto attraverso l\u2019uso del servizio a scelta e a rischio dell\u2019utente. L&#8217;utente accetta con la navigazione e con le operazioni di scarico effettuate dal sito <a href=\"https:\/\/guidonisrl.it\/\">www.guidonisrl.it<\/a> che Guidoni srl venga esonerato in toto da responsabilit\u00e0 per eventuali danni a sistemi di computer o perdite di dati risultanti proprio dalle suddette operazioni di scarico. L&#8217;utente accetta perci\u00f2 su di s\u00e8 ogni responsabilit\u00e0 per tali fatti e danni e nulla potr\u00e0 essere imputato a Guidoni srl. Guidoni srl declina inoltre ogni responsabilit\u00e0 per eventuali danni derivanti dall&#8217;inaccessibilit\u00e0 ai servizi presenti sul sito o da eventuali danni causati da virus, file danneggiati, errori, omissioni, interruzioni del servizio, cancellazioni dei contenuti, problemi connessi alla rete, ai provider o a collegamenti telefonici e\/o telematici, ad accessi non autorizzati, ad alterazioni di dati, al mancato e\/o difettoso funzionamento delle apparecchiature elettroniche dell&#8217;utente stesso. L\u2019utente \u00e8 responsabile della custodia e del corretto utilizzo delle proprie informazioni personali, ivi comprese le credenziali che consentono di accedere ai servizi riservati, nonch\u00e9 di ogni conseguenza dannosa o pregiudizio che dovesse derivare a carico di Guidoni srl ovvero di terzi a seguito del non corretto utilizzo, dello smarrimento, sottrazione di tali informazioni.<\/li>\n<li><a href=\"https:\/\/guidonisrl.it\/\">www.guidonisrl.it<\/a> pu\u00f2 contenere collegamenti ipertestuali (i &#8220;links&#8221;) ad altri siti web che non hanno nessun collegamento con Guidoni srl, al solo fine di facilitare i propri utenti nella ricerca e nella navigazione e per agevolare il collegamento ipertestuale su Internet verso altri siti web. L&#8217;attivazione dei links non comporta nessuna raccomandazione o segnalazione di Guidoni srl per l&#8217;accesso e la navigazione in questi siti web, n\u00e9 alcuna garanzia circa i loro contenuti, i servizi o beni da questi forniti e venduti agli utenti Internet, il rispetto delle normative sulla privacy e sui cookies. Guidoni srl non \u00e8 tenuta a operare controlli n\u00e9 operazioni di monitoraggio di tali siti web e dei loro contenuti, pertanto la stessa non pu\u00f2 essere ritenuta responsabile dei contenuti di questi siti e delle regole, da questi adottate anche con riguardo alla tua privacy e al trattamento dei tuoi dati personali durante le tue operazioni di navigazione. Ti preghiamo quindi di prestare attenzione quando ti colleghi a questi siti web e di leggere attentamente le loro condizioni d&#8217;uso e regolamenti su privacy e cookies. Ti ricordiamo, infatti, che queste <a href=\"https:\/\/guidonisrl.it\/condizioni-uso\/\">Condizioni Generali d&#8217;Uso<\/a>, la <a href=\"https:\/\/guidonisrl.it\/gdpr-privacy\/\">Privacy Policy<\/a> e la <a href=\"https:\/\/guidonisrl.it\/cookies\/\">Cookie Policy<\/a> di <a href=\"https:\/\/guidonisrl.it\">www.guidonisrl.it<\/a> non si applicano ai siti web gestiti da altri soggetti. Guidoni srl non pu\u00f2 garantire ai propri utenti che il sito web operi con continuit\u00e0, senza interruzioni ed in assenza di errori o di malfunzionamenti dovuti al collegamento ad Internet. Per qualsiasi problema riscontrato nell&#8217;uso del nostro sito web, contatta Guidoni srl all&#8217;indirizzo mail <a href=\"mailto:helpdesk@guidonisrl.it\">helpdesk@guidonisrl.it<\/a>. Un responsabile di Guidoni srl sar\u00e0 a tua disposizione nel fornirti assistenza e per aiutarti a ripristinare la funzionalit\u00e0 del tuo accesso al sito web, qualora ci\u00f2 sia possibile. Allo stesso modo, ti consigliamo di contattare il tuo fornitore di servizi Internet o di controllare che ogni dispositivo per la connessione ad Internet e l&#8217;accesso ai contenuti web sia attivato correttamente, compreso il tuo Internet browser.<\/li>\n<li>Guidoni srl non pone in essere alcuna discriminazione in relazione all&#8217;et\u00e0, nazionalit\u00e0, sesso, razza, orientamento sessuale, politico o religioso. Nessuna persona al di sotto dei 18 anni dovrebbe utilizzare il presente Sito senza il consenso dei suoi genitori o tutori. Invitiamo i genitori o tutori a controllare l&#8217;utilizzo di Internet dei propri figli. L&#8217;utilizzo del Sito ad opera di qualsivoglia utente si considerer\u00e0 effettuata da un utente con et\u00e0 uguale o superiore a 18 anni o che l&#8217;utente abbia ottenuto il consenso del proprio genitore o tutore.<\/li>\n<li>Per Guidoni srl la tutela dei tuoi dati personali \u00e8 importante a tal fine ti preghiamo di leggere la nostra <a href=\"https:\/\/guidonisrl.it\/gdpr-privacy\/\">Privacy Policy<\/a>.<\/li>\n<li>Il sito web <a href=\"https:\/\/guidonisrl.it\/\">www.guidonisrl.it<\/a> utilizza cookie ovvero dei piccoli file di dati criptati (contenenti dati personali dell&#8217;utente, forniti da quest&#8217;ultimo e conservati sui nostri server) che possono essere memorizzati sul tuo hard drive dopo il tuo accesso su un sito. Nei limiti di quanto previsto dalla legge applicabile e in conformit\u00e0 con la <a href=\"https:\/\/guidonisrl.it\/cookies\/\">Cookies Policy<\/a> Guidoni srl utilizza i cookie al fine di migliorare il proprio servizio nei tuoi confronti. Per avere maggiori informazioni su come il Sito utilizza i Cookies, si prega di leggere la nostra <a href=\"https:\/\/guidonisrl.it\/cookies\/\">Cookies Policy<\/a>.<\/li>\n<li>Guidoni srl ha adottato una propria politica commerciale la quale consiste nel vendere prodotti tramite i propri servizi ed il proprio sito web sia all&#8217;utente professionale che al consumatore o utente finale. Per utente professionale \u00e8 da intendersi la persona fisica o giuridica che agisce nell&#8217;esercizio della propria attivit\u00e0 imprenditoriale, commerciale, artigianale o professionale ovvero un suo intermediario; per consumatore o utente finale \u00e8 da intendersi la persona fisica che agisce per scopi estranei all&#8217;attivit\u00e0 imprenditoriale, commerciale, artigianale o professionale eventualmente svolta. In ogni caso ti invitiamo a prendere visione delle <a href=\"https:\/\/guidonisrl.it\/condizioni-generali-di-vendita\/\">Condizioni Generali di Vendita<\/a> e delle presenti <a href=\"https:\/\/guidonisrl.it\/condizioni-uso\/\">Condizioni Generali d&#8217;Uso<\/a> del sito web, nonch\u00e9 della <a href=\"https:\/\/guidonisrl.it\/gdpr-privacy\/\">Privacy Policy<\/a> e della nostra <a href=\"https:\/\/guidonisrl.it\/cookies\/\">Cookies Policy<\/a>, oltre all&#8217;informativa sul <a href=\"https:\/\/guidonisrl.it\/diritto-di-recesso\/\">Diritto di recesso<\/a> per il consumatore.<\/li>\n<li>Queste <a href=\"https:\/\/guidonisrl.it\/condizioni-uso\/\">Condizioni Generali d&#8217;Uso<\/a> sono regolate dalla legge italiana. Nel caso di utente-consumatore per tutte le controversie derivanti dal presente contratto, comprese quelle relative alla sua validit\u00e0, interpretazione, esecuzione e risoluzione, la competenza territoriale inderogabile \u00e8 del Giudice del luogo di residenza o di domicilio del consumatore, se ubicati nel territorio dello Stato. Nei casi non contemplati dal comma precedente tutte le controversie derivanti dal presente contratto, comprese quelle relative alla sua validit\u00e0, interpretazione, esecuzione e risoluzione saranno di esclusiva competenza dell&#8217;Autorit\u00e0 Giudiziaria di Prato, anche per eventuali azioni di garanzia, di danni o, in genere, relative ai pagamenti. L&#8217;utente, con la registrazione, l&#8217;iscrizione alla newsletter, l&#8217;accesso e l&#8217;uso del sito internet <a href=\"https:\/\/guidonisrl.it\/\">www.guidonisrl.it<\/a>, come con l&#8217;acquisto dei prodotti dal sito medesimo, approva specificamente le presenti Condizioni Generali d&#8217;uso ed in particolare la sopracitata clausola. L&#8217;utente con la registrazione, l&#8217;iscrizione alla newsletter, l&#8217;accesso e l&#8217;uso del sito internet <a href=\"https:\/\/guidonisrl.it\/\">www.guidonisrl.it<\/a>, cos\u00ec come con l&#8217;acquisto dei prodotti dal sito medesimo, dichiara di ben conoscere ed approva specificamente altres\u00ec le <a href=\"https:\/\/guidonisrl.it\/condizioni-generali-di-vendita\/\">Condizioni Generali di Vendita<\/a>, l&#8217;Informativa sul <a href=\"https:\/\/guidonisrl.it\/diritto-di-recesso\/\">Diritto di recesso<\/a> per il consumatore, la <a href=\"https:\/\/guidonisrl.it\/gdpr-privacy\/\">Privacy Policy<\/a> e la <a href=\"https:\/\/guidonisrl.it\/cookies\/\">Cookies Policy<\/a> di <a href=\"https:\/\/guidonisrl.it\/\">www.guidonisrl.it<\/a>.<\/li>\n<li>Nel caso in cui alcuni dei link precedentemente indicati non fossero funzionanti ti preghiamo di segnalarcelo.<\/li>\n<\/ol>\n[\/vc_column_text][\/vc_column][\/vc_row]\n<\/div>","protected":false},"excerpt":{"rendered":"[vc_row][vc_column][vc_column_text el_class=&#8221;h2Guid&#8221;] CONDIZIONI D&#8217;USO [\/vc_column_text][vc_column_text el_class=&#8221;txtGuid&#8221;]Benvenuto sul nostro sito web www.guidonisrl.it. L&#8217;accesso e l&#8217;uso di www.guidonisrl.it sono attivit\u00e0 regolate dalle presenti Condizioni Generali d&#8217;Uso del sito web www.guidonisrl.it. Le seguenti condizioni, unitamente ai documenti ivi richiamati, informano l\u2019utente sui termini di utilizzo del sito www.guidonisrl.it sia come visitatore che come utente registrato. L&#8217;accesso e l&#8217;uso [&#8230;]\n","protected":false},"author":2,"featured_media":0,"parent":0,"menu_order":0,"comment_status":"closed","ping_status":"closed","template":"","meta":{"_acf_changed":false,"footnotes":""},"class_list":["post-36916","page","type-page","status-publish","hentry"],"acf":[],"yoast_head":"<!-- This site is optimized with the Yoast SEO plugin v26.7 - https:\/\/yoast.com\/wordpress\/plugins\/seo\/ -->\n<title>Terms &amp; Conditions - Guidoni srl<\/title>\n<meta name=\"robots\" content=\"index, follow, max-snippet:-1, max-image-preview:large, max-video-preview:-1\" \/>\n<link rel=\"canonical\" href=\"https:\/\/www.guidonisrl.it\/en\/condizioni-duso\/\" \/>\n<meta property=\"og:locale\" content=\"en_US\" \/>\n<meta property=\"og:type\" content=\"article\" \/>\n<meta property=\"og:title\" content=\"Terms &amp; Conditions - Guidoni srl\" \/>\n<meta property=\"og:description\" content=\"[vc_row][vc_column][vc_column_text el_class=&#8221;h2Guid&#8221;] CONDIZIONI D&#8217;USO [\/vc_column_text][vc_column_text el_class=&#8221;txtGuid&#8221;]Benvenuto sul nostro sito web www.guidonisrl.it. L&#8217;accesso e l&#8217;uso di www.guidonisrl.it sono attivit\u00e0 regolate dalle presenti Condizioni Generali d&#8217;Uso del sito web www.guidonisrl.it. Le seguenti condizioni, unitamente ai documenti ivi richiamati, informano l\u2019utente sui termini di utilizzo del sito www.guidonisrl.it sia come visitatore che come utente registrato. L&#8217;accesso e l&#8217;uso [...]\" \/>\n<meta property=\"og:url\" content=\"https:\/\/www.guidonisrl.it\/en\/condizioni-duso\/\" \/>\n<meta property=\"og:site_name\" content=\"Guidoni srl\" \/>\n<meta property=\"article:modified_time\" content=\"2023-02-10T11:25:25+00:00\" \/>\n<meta name=\"twitter:card\" content=\"summary_large_image\" \/>\n<meta name=\"twitter:label1\" content=\"Est. reading time\" \/>\n\t<meta name=\"twitter:data1\" content=\"13 minutes\" \/>\n<script type=\"application\/ld+json\" class=\"yoast-schema-graph\">{\"@context\":\"https:\/\/schema.org\",\"@graph\":[{\"@type\":\"WebPage\",\"@id\":\"https:\/\/www.guidonisrl.it\/en\/condizioni-duso\/\",\"url\":\"https:\/\/www.guidonisrl.it\/en\/condizioni-duso\/\",\"name\":\"Terms & Conditions - Guidoni srl\",\"isPartOf\":{\"@id\":\"https:\/\/www.guidonisrl.it\/#website\"},\"datePublished\":\"2022-10-21T13:39:11+00:00\",\"dateModified\":\"2023-02-10T11:25:25+00:00\",\"breadcrumb\":{\"@id\":\"https:\/\/www.guidonisrl.it\/en\/condizioni-duso\/#breadcrumb\"},\"inLanguage\":\"en-US\",\"potentialAction\":[{\"@type\":\"ReadAction\",\"target\":[\"https:\/\/www.guidonisrl.it\/en\/condizioni-duso\/\"]}]},{\"@type\":\"BreadcrumbList\",\"@id\":\"https:\/\/www.guidonisrl.it\/en\/condizioni-duso\/#breadcrumb\",\"itemListElement\":[{\"@type\":\"ListItem\",\"position\":1,\"name\":\"Home\",\"item\":\"https:\/\/www.guidonisrl.it\/en\/\"},{\"@type\":\"ListItem\",\"position\":2,\"name\":\"Terms &#038; Conditions\"}]},{\"@type\":\"WebSite\",\"@id\":\"https:\/\/www.guidonisrl.it\/#website\",\"url\":\"https:\/\/www.guidonisrl.it\/\",\"name\":\"Guidoni srl\",\"description\":\"Test the Difference\",\"potentialAction\":[{\"@type\":\"SearchAction\",\"target\":{\"@type\":\"EntryPoint\",\"urlTemplate\":\"https:\/\/www.guidonisrl.it\/?s={search_term_string}\"},\"query-input\":{\"@type\":\"PropertyValueSpecification\",\"valueRequired\":true,\"valueName\":\"search_term_string\"}}],\"inLanguage\":\"en-US\"}]}<\/script>\n<!-- \/ Yoast SEO plugin. -->","yoast_head_json":{"title":"Terms & Conditions - Guidoni srl","robots":{"index":"index","follow":"follow","max-snippet":"max-snippet:-1","max-image-preview":"max-image-preview:large","max-video-preview":"max-video-preview:-1"},"canonical":"https:\/\/www.guidonisrl.it\/en\/condizioni-duso\/","og_locale":"en_US","og_type":"article","og_title":"Terms & Conditions - Guidoni srl","og_description":"[vc_row][vc_column][vc_column_text el_class=&#8221;h2Guid&#8221;] CONDIZIONI D&#8217;USO [\/vc_column_text][vc_column_text el_class=&#8221;txtGuid&#8221;]Benvenuto sul nostro sito web www.guidonisrl.it. L&#8217;accesso e l&#8217;uso di www.guidonisrl.it sono attivit\u00e0 regolate dalle presenti Condizioni Generali d&#8217;Uso del sito web www.guidonisrl.it. Le seguenti condizioni, unitamente ai documenti ivi richiamati, informano l\u2019utente sui termini di utilizzo del sito www.guidonisrl.it sia come visitatore che come utente registrato. L&#8217;accesso e l&#8217;uso [...]","og_url":"https:\/\/www.guidonisrl.it\/en\/condizioni-duso\/","og_site_name":"Guidoni srl","article_modified_time":"2023-02-10T11:25:25+00:00","twitter_card":"summary_large_image","twitter_misc":{"Est. reading time":"13 minutes"},"schema":{"@context":"https:\/\/schema.org","@graph":[{"@type":"WebPage","@id":"https:\/\/www.guidonisrl.it\/en\/condizioni-duso\/","url":"https:\/\/www.guidonisrl.it\/en\/condizioni-duso\/","name":"Terms & Conditions - Guidoni srl","isPartOf":{"@id":"https:\/\/www.guidonisrl.it\/#website"},"datePublished":"2022-10-21T13:39:11+00:00","dateModified":"2023-02-10T11:25:25+00:00","breadcrumb":{"@id":"https:\/\/www.guidonisrl.it\/en\/condizioni-duso\/#breadcrumb"},"inLanguage":"en-US","potentialAction":[{"@type":"ReadAction","target":["https:\/\/www.guidonisrl.it\/en\/condizioni-duso\/"]}]},{"@type":"BreadcrumbList","@id":"https:\/\/www.guidonisrl.it\/en\/condizioni-duso\/#breadcrumb","itemListElement":[{"@type":"ListItem","position":1,"name":"Home","item":"https:\/\/www.guidonisrl.it\/en\/"},{"@type":"ListItem","position":2,"name":"Terms &#038; Conditions"}]},{"@type":"WebSite","@id":"https:\/\/www.guidonisrl.it\/#website","url":"https:\/\/www.guidonisrl.it\/","name":"Guidoni srl","description":"Test the Difference","potentialAction":[{"@type":"SearchAction","target":{"@type":"EntryPoint","urlTemplate":"https:\/\/www.guidonisrl.it\/?s={search_term_string}"},"query-input":{"@type":"PropertyValueSpecification","valueRequired":true,"valueName":"search_term_string"}}],"inLanguage":"en-US"}]}},"_links":{"self":[{"href":"https:\/\/www.guidonisrl.it\/en\/wp-json\/wp\/v2\/pages\/36916","targetHints":{"allow":["GET"]}}],"collection":[{"href":"https:\/\/www.guidonisrl.it\/en\/wp-json\/wp\/v2\/pages"}],"about":[{"href":"https:\/\/www.guidonisrl.it\/en\/wp-json\/wp\/v2\/types\/page"}],"author":[{"embeddable":true,"href":"https:\/\/www.guidonisrl.it\/en\/wp-json\/wp\/v2\/users\/2"}],"replies":[{"embeddable":true,"href":"https:\/\/www.guidonisrl.it\/en\/wp-json\/wp\/v2\/comments?post=36916"}],"version-history":[{"count":2,"href":"https:\/\/www.guidonisrl.it\/en\/wp-json\/wp\/v2\/pages\/36916\/revisions"}],"predecessor-version":[{"id":36963,"href":"https:\/\/www.guidonisrl.it\/en\/wp-json\/wp\/v2\/pages\/36916\/revisions\/36963"}],"wp:attachment":[{"href":"https:\/\/www.guidonisrl.it\/en\/wp-json\/wp\/v2\/media?parent=36916"}],"curies":[{"name":"wp","href":"https:\/\/api.w.org\/{rel}","templated":true}]}}