{"id":36961,"date":"2022-10-21T15:41:24","date_gmt":"2022-10-21T13:41:24","guid":{"rendered":"https:\/\/www.guidonisrl.it\/cookies\/"},"modified":"2023-02-10T13:21:33","modified_gmt":"2023-02-10T11:21:33","slug":"cookies","status":"publish","type":"page","link":"https:\/\/www.guidonisrl.it\/en\/cookies\/","title":{"rendered":"Cookies"},"content":{"rendered":"<div class=\"wpb-content-wrapper\">[vc_row][vc_column][vc_column_text el_class=&#8221;h2Guid&#8221;]\n<h2>COOKIES POLICY<\/h2>\n[\/vc_column_text][vc_column_text el_class=&#8221;txtGuid&#8221;]DATI DI NAVIGAZIONE<\/p>\n<p>Il trattamento dei dati avviene mediante strumenti idonei a garantire la sicurezza e la riservatezza a norma di Legge con accesso controllato e limitato a soggetti autorizzati. Si tratta di informazioni che non sono raccolte per essere associate a interessati identificati, ma che per loro stessa natura potrebbero, attraverso elaborazioni ed associazioni con dati detenuti da terzi, permettere di identificare gli utenti. Questi dati vengono utilizzati al solo fine di ricavare informazioni statistiche anonime sull\u2019uso del sito e per controllarne il corretto funzionamento, e vengono cancellati dopo un tempo prestabilito impostato dalle applicazioni che ne fanno uso. I dati potrebbero essere utilizzati per l\u2019accertamento di responsabilit\u00e0 in caso di ipotetici reati informatici ai danni del sito: salvo questa eventualit\u00e0, allo stato i dati sui contatti web non persistono \u2013 ove sia possibile tale impostazione \u2013 per pi\u00f9 di sette giorni. Alcuni dati di navigazione raccolti sono: indirizzo IP, Paese di provenienza, orario della richiesta di connessione al server, sequenza di pagine consultate, tempo di permanenza sulla pagina. Per maggiori informazioni sui dati trattati si invita a prendere lettura della Privacy Policy di Guidoni srl.<\/p>\n<p>RISERVATEZZA DELLE INFORMAZIONI FORNITE<\/p>\n<p>Sulle modalit\u00e0 del trattamento ed i destinatari dei dati invitiamo a prendere visione della Privacy Policy, alla quale Guidoni srl si atterr\u00e0.<\/p>\n<p>In particolare segnaliamo che laddove eventuali informazioni vengano fornite a soggetti terzi, queste verranno inviate al solo scopo di adempiere alle richieste per le quali ci sono state fornite, e vengono utilizzate unicamente per conto di Guidoni srl. Pu\u00f2 inoltre accadere che i gestori del suddetto sito siano tenuti a fornire alcune informazioni a enti istituzionali, per adempiere a precisi obblighi di Legge. Guidoni srl non diffonder\u00e0, n\u00e9 altrimenti comunicher\u00e0 a terzi i tuoi dati personali. Ci\u00f2 nonostante, tali dati potrebbero occasionalmente essere trasferiti a terzi che agiscono in nome e per conto dei gestori del sito o in connessione con le attivit\u00e0 commerciali della stessa, al fine di eseguire gli ulteriori trattamenti in conformit\u00e0 agli scopi per i quali i dati sono stati originariamente raccolti.<\/p>\n<p>MODALIT\u00c0 DEL TRATTAMENTO DEI DATI FORNITI<\/p>\n<p>I dati personali forniti dagli utenti sono conservati in archivi informatici e trattati con strumenti automatizzati e per il tempo strettamente necessario a conseguire gli scopi per cui son stati raccolti. Specifiche misure di sicurezza idonee allo scopo sono osservate per prevenire la perdita dei dati, usi illeciti o non corretti degli stessi ed accessi non autorizzati. I dati saranno conservati in un database a cui hanno accesso soltanto i gestori del sito\u00a0e saranno consultabili, cancellabili e modificabili dietro apposita richiesta degli aventi diritto secondo quanto previsto nella Privacy Policy.<\/p>\n<p>MODULO CONTATTI E NEWSLETTER<\/p>\n<p>I dati forniti attraverso il modulo contatti o al momento di iscrizione alla newsletter \u2013 qualora attivi sul sito \u2013 si limitano all\u2019indirizzo mail e a un nome identificativo di chi ha effettuato al richiesta: tali dati vengono richiesti al solo scopo di fornire il servizio o la fornitura di informazioni desiderata e non vengono impiegati per nessun altra finalit\u00e0, n\u00e9 forniti a soggetti terzi senza la preventiva autorizzazione del soggetto a cui si riferiscono.\u00a0La newsletter \u00e8 gestita da MailChimp, dove l\u2019indirizzo e-mail \u00e8 memorizzato su server MailChimp (Stati Uniti).\u00a0Informativa sulla privacy di MailChimp.<br \/>\nE\u2019 possibile in ogni momento chiedere di cancellare o modificare i dati in possesso dei gestori del presente sito rivolgendosi al\u00a0Titolare del trattamento dei dati: amministrazione@guidonisrl.it<\/p>\n<p>DIRITTI DEGLI INTERESSATI<\/p>\n<p>I soggetti a cui si riferiscono i dati personali potranno esercitare i diritti di cui agli art. 12 \u2013 21 del Regolamento UE n. 679\/2016 rivolgendosi al\u00a0Titolare del trattamento dei dati: amministrazione@guidonisrl.it.<\/p>\n<p>Per conoscere in modo pi\u00f9 dettagliato tutti i diritti degli interessati ti invitiamo a leggere l\u2019apposita sezione nella Privacy Policy di Guidoni srl.<\/p>\n<p>LIMITAZIONI DI RESPONSABILIT\u00c0<\/p>\n<p>I gestori del sito non si assumono alcun tipo di responsabilit\u00e0 per i servizi di terzi collegati tramite link, n\u00e9 per qualsiasi risorsa contraria alle disposizioni dello Stato Italiano da essi offerta; eventuali collegamenti esterni vengono offerti per migliorare l\u2019esperienza d\u2019uso degli utenti, e non \u00e8 assolutamente imputabile al suddetto sito nessuna rimostranza riguardante la loro esattezza o completezza. Verificare le privacy policy dei rispettivi siti per conoscere le modalit\u00e0 di trattamento dei dati personali di risorse esterne a questo sito.<\/p>\n<p>USO DEI COOKIES<\/p>\n<p>Il sito web www.guidonisrl.it usa cookie per aiutarti a personalizzare la tua esperienza online.<br \/>\nUn cookie \u00e8 un file di testo che viene inserito sul tuo hard disk da una pagina Web. I cookie non possono essere impiegati per eseguire programmi o virus nel tuo computer. I cookie vengono assegnati soltanto a te, e possono essere letti solamente da un web server nel dominio che ti ha emesso il cookie.<\/p>\n<p>Se continui a navigare in questo sito senza modificare le impostazioni del tuo browser \u00a0in merito all\u2019accettazione dei cookie, accetti l\u2019impiego dei cookie: in ogni caso il sito \u00e8 navigabile senza dover fornire dati personali.<br \/>\nI cookie infatti non raccolgono dati personali che ti riguardano, e hanno semplicemente lo scopo di consentire il corretto funzionamento di tutte le applicazioni presenti nel sito.<\/p>\n<p>La finalit\u00e0 di un cookie \u00e8 quella di farti risparmiare tempo, informando il web server che sei tornato a una certa pagina. Per esempio, se accedi a pagine di www.guidonisrl.it o ti registri con il sito o utilizzi servizi che offre il sito www.guidonisrl.it, un cookie ti permette di recuperare tue informazioni specifiche nelle visite successive, e in questo modo rende pi\u00f9 facile il procedimento della registrazione dei tuoi dati personali. Quando ritorni al sito web\u00a0www.guidonisrl.it le informazioni che hai fornito precedentemente possono essere recuperate, in modo da poter usare facilmente il sito.<\/p>\n<p>I cookie impiegati da questo sito sono delle minuscole porzioni di informazioni memorizzate nei dispositivi degli utenti, \u00a0al solo scopo di:<\/p>\n<p>monitorare il comportamento degli utenti durante la loro visita per migliorare la loro esperienza di navigazione (cookie analitici)<br \/>\nevitare di ripetere pi\u00f9 volte operazioni tecniche, come la digitazione di nome utente e password (cookie tecnici)<br \/>\npermettere la condivisione sui social network di contenuti ritenuti interessanti e di agevolare particolari attivit\u00e0 tecniche correlata alle medesime applicazioni, indicate a seguire nel dettaglio\u00a0(cookie di condivisione con terze parti)<\/p>\n<p>I cookie sono anonimi, vengono impiegati per gestire attivit\u00e0 tecniche o per monitorare i comportamenti degli utenti, e non raccolgono dati personali: l\u2019utente pu\u00f2 impostare il proprio browser per rifiutare l\u2019impiego dei cookie (come spiegato in seguito) oppure informare i gestori del sito dell\u2019utilizzo a cui intende destinare ai pacchetti di informazioni per i quai ha gi\u00e0 autorizzato l\u2018utilizzo.<br \/>\nI cookie vengono conservati per una durata che va da un solo secondo (nel caso dei\u00a0cookie di sessione, che svaniscono non appena si chiude il browser) fino a 2 anni o pi\u00f9 (cookie persistenti, che non svaniscono alla chiusura del browser) come avviene ad esempio per i cookie impiegati da Google Analiytics per monitorare i comportamenti dei visitatori.<\/p>\n<p>I cookie impiegati in questo sito si dividono in:<br \/>\n\u2013\u00a0cookie tecnici\u00a0(strettamente necessari): hanno il compito di permettere l\u2019espletamento di alcune funzionalit\u00e0 (come il login dell\u2019utente, qualora sia previsto) e sono necessari per il corretto funzionamento di certe funzioni del sito<br \/>\n\u2013\u00a0cookie analitici\u00a0(dati anonimi sulla navigazione impiegati per finalit\u00e0 statistiche), di rilevamento di terze parti (per l\u2019analisi delle fonti del traffico).<br \/>\nI cookie analitici possono avere una durata superiore a quella degli altri -fino a due anni e oltre, in certi casi \u2013 a causa delle impostazioni del produttori, sui quali i gestori del presente sito non hanno nessun controllo. Ecco un dettaglio dei\u00a0cookies impiegati da Google Analytics<br \/>\nTutti gli altri cookie sono impostati per essere conservati il minor tempo possibile concesso dalle stesse applicazioni- come nel caso dei cookie di sessione, che spariscono non appena si chiude il browser.<br \/>\n\u2013cookie per l\u2019integrazione con funzionalit\u00e0 di terze parti: servono per commentare o per condividere i contenuti attraverso i rispettivi pulsanti dei social network.<br \/>\nSi tratta di dati gestiti dai rispettivi produttori, sui quali i gestori del presente sito non hanno controllo, e alle cui privacy policy si rimanda a seguire.<\/p>\n<p>Oltre alle categorie sopra esposte esistono anche\u00a0cookie pubblicitari e di profilazione, impiegati per mostrare agli utenti del sito annunci commerciali mirati, ma\u00a0questo sito non fa uso di tali cookie.<\/p>\n<p>Il sito \u00e8 impostato per conservare i cookie il tempo minimo consentito dalle rispettive applicazioni (nel caso dei cookie di sessione, ad esempio, questi vengono cancellati non appena il browser viene chiuso) e non oltre un giorno in generale in tutti i casi dove questa impostazione sia possibile (fatta eccezione per i cookie analitici e di terze parti, non controllabili direttamente dai gestori del sito, per i quali si rimanda alle privacy policy dei rispettivi produttori).<\/p>\n<p>Per approfondire finalit\u00e0 e caratteristiche dei cookie e per apprendere come rifiutarne l\u2019autorizzazione \u00a0puoi consultare anche le relative\u00a0FAQ del Garante della Privacy\u00a0e la guida di All About Cookies\u00a0e quella di\u00a0Your Online Choice.<\/p>\n<p>Tu hai la possibilit\u00e0 di accettare o rifiutare i cookie. La maggior parte dei web browser accettano i cookie automaticamente, ma di solito puoi modificare le impostazioni del tuo browser se preferisci rifiutare i cookie.<br \/>\nSe scegli di rifiutare i cookie, potresti non essere in grado di provare pienamente le caratteristiche interattive dei servizi di questo sito o dei siti web che visiterai.<\/p>\n<p>APPLICAZIONI ATTIVE \u2013 O ATTIVABILI \u2013 SUL PRESENTE SITO\u00a0CHE FANNO USO DI COOKIE E DI DATI DI UTILIZZO<\/p>\n<p>L\u2019utilizzo dei cookie da parte delle seguenti applicazioni, ove ci\u00f2 avvenga, \u00e8 finalizzato esclusivamente all\u2019erogazione dei servizi richiesti dagli utenti.<br \/>\nNessun dato personale fornito al presente sito sar\u00e0 ceduto a terzi senza autorizzazione dell\u2019utente, n\u00e9 utilizzato per finalit\u00e0 diverse da quelle sopra descritte.<\/p>\n<p>www.guidonisrl.it utilizza cookie di tipo tecnico per consentire certe funzionalit\u00e0 del sito, cookie analitici per monitorare le performance del sito e di cookie di integrazione con servizi di terze parti per offrire ai propri utenti la migliore esperienza di navigazione possibile.<\/p>\n<p>In particolare si fa uso di cookie ai fini di:<\/p>\n<p>garantire il corretto funzionamento della piattaforma, memorizzare dati inerenti browser e le preferenze personali degli utenti. Il presente sito \u00e8 costruito su piattaforma WordPress, la quale impiega i cookie: wp-setting-1, wp-setting-time-1, wordpress_test_cookies. Tali cookie non raccolgono nessuna informazione e vengono gestiti da WordPress, non da www.guidonisrl.it.<br \/>\nPuoi approfondire la questione alla pagina\u00a0WordPress (cookies)\u00a0e sui\u00a0cookies del linguaggio di programmazione PHP<br \/>\nmonitorare le performance del sito e il comportamento degli utenti nelle pagine tramite Google Analytics, al fine di favorire l\u2019esperienza dell\u2019utente.<br \/>\nagevolare la condivisione sui social network, attraverso l\u2019impiego di pulsanti di condivisione sociale.<br \/>\nGOOGLE ANALYTICS<br \/>\nSoggetto fornitore: Google Inc.<br \/>\nFinalit\u00e0: esaminare statistiche di visite e comportamenti degli utenti sul sito.<br \/>\nDati personali raccolti:cookie, dati di uso<br \/>\nLuogo del trattamento : USA<br \/>\nDescrizioni cookies impiegati<br \/>\nElenco completo di cookies di Google Analytics<br \/>\nUso dei cookies da parte di Google<br \/>\nGoogle Analytics \u2013 Privacy e protezione dati<br \/>\nPrivacy Policy<br \/>\nComponente del browser per rifiutare i cookies di Google Analytics<br \/>\nYOUTUBE<br \/>\nElenco cookie impiegati: SID, LOGIN_INFO, use_hotbox, PREF, SSID, HSID, watched_video_id_list, __utma, __utmz, demographics, VISITOR_INFO_LIVE<br \/>\nFunzioni: identificare le interazioni con il servizio tramite il browser<br \/>\nTempo di conservazione: fino a 10 anni dall\u2019ultima visita alla pagina (ma in molti casi vengono cancellati anche prima)<br \/>\nPrivacy\u00a0Youtube<br \/>\nCOME DISATTIVARE I COOKIE<\/p>\n<p>A seguire le istruzioni per disattivare i cookie sui principali browser (per eventuali indicazioni mancanti consultare le guide online dei rispettivi browser):<\/p>\n<p>In generale: Strumenti \u00a0o Modifica -&gt; Visualizza -&gt; Opzioni \/Preferenze Internet -&gt; Privacy o voce equivalente<br \/>\nGoogle Chrome: segui il seguente percorso: Impostazioni -&gt; Mostra impostazioni avanzate -&gt; Privacy -&gt; Impostazione contenuti e poi modifica le impostazioni dei cookie. Se non ti \u00e8 chiaro segui l\u2019apposita guida su\u00a0come disattivare i cookies<br \/>\nSafari: segui il seguente percorso (Impostazioni-&gt; Safari -&gt;blocca cookie, per impostare le tue preferenze) oppure segui l\u2019apposita guida del produttore su\u00a0come disattivare i cookies<br \/>\nInternet Explorer: segui il seguente percorso: Strumenti -&gt; Opzioni Internet -&gt; Privacy: puoi selezionare il livello di privacy desiderata. Se non ti \u00e8 chiaro segui le indicazioni sul sito del fornitore.<br \/>\nFirefox: Opzioni -&gt; Privacy -&gt; Cronologia -&gt; Impostazioni cronologia -&gt;Utilizza impostazioni personalizzate: deseleziona \u201cAccetta i cookie dai siti\u201d e salva.\u00a0Puoi seguire anche la guida sul sito delfornitore<br \/>\nOpera: segui il seguente percorso: Preferenze -&gt; Avanzate-&gt; Cookie e imposta l\u2019opzione che preferisci. Puoi seguire anche\u00a0la guida del produttore<br \/>\nAltre guide per la\u00a0disattivazione dei cookies in altri tipi di browser[\/vc_column_text][\/vc_column][\/vc_row]\n<\/div>","protected":false},"excerpt":{"rendered":"[vc_row][vc_column][vc_column_text el_class=&#8221;h2Guid&#8221;] COOKIES POLICY [\/vc_column_text][vc_column_text el_class=&#8221;txtGuid&#8221;]DATI DI NAVIGAZIONE Il trattamento dei dati avviene mediante strumenti idonei a garantire la sicurezza e la riservatezza a norma di Legge con accesso controllato e limitato a soggetti autorizzati. Si tratta di informazioni che non sono raccolte per essere associate a interessati identificati, ma che per loro stessa natura [&#8230;]\n","protected":false},"author":2,"featured_media":0,"parent":0,"menu_order":0,"comment_status":"closed","ping_status":"closed","template":"","meta":{"_acf_changed":false,"footnotes":""},"class_list":["post-36961","page","type-page","status-publish","hentry"],"acf":[],"yoast_head":"<!-- This site is optimized with the Yoast SEO plugin v26.7 - https:\/\/yoast.com\/wordpress\/plugins\/seo\/ -->\n<title>Cookies - Guidoni srl<\/title>\n<meta name=\"robots\" content=\"index, follow, max-snippet:-1, max-image-preview:large, max-video-preview:-1\" \/>\n<link rel=\"canonical\" href=\"https:\/\/www.guidonisrl.it\/en\/cookies\/\" \/>\n<meta property=\"og:locale\" content=\"en_US\" \/>\n<meta property=\"og:type\" content=\"article\" \/>\n<meta property=\"og:title\" content=\"Cookies - Guidoni srl\" \/>\n<meta property=\"og:description\" content=\"[vc_row][vc_column][vc_column_text el_class=&#8221;h2Guid&#8221;] COOKIES POLICY [\/vc_column_text][vc_column_text el_class=&#8221;txtGuid&#8221;]DATI DI NAVIGAZIONE Il trattamento dei dati avviene mediante strumenti idonei a garantire la sicurezza e la riservatezza a norma di Legge con accesso controllato e limitato a soggetti autorizzati. Si tratta di informazioni che non sono raccolte per essere associate a interessati identificati, ma che per loro stessa natura [...]\" \/>\n<meta property=\"og:url\" content=\"https:\/\/www.guidonisrl.it\/en\/cookies\/\" \/>\n<meta property=\"og:site_name\" content=\"Guidoni srl\" \/>\n<meta property=\"article:modified_time\" content=\"2023-02-10T11:21:33+00:00\" \/>\n<meta name=\"twitter:card\" content=\"summary_large_image\" \/>\n<meta name=\"twitter:label1\" content=\"Est. reading time\" \/>\n\t<meta name=\"twitter:data1\" content=\"11 minutes\" \/>\n<script type=\"application\/ld+json\" class=\"yoast-schema-graph\">{\"@context\":\"https:\/\/schema.org\",\"@graph\":[{\"@type\":\"WebPage\",\"@id\":\"https:\/\/www.guidonisrl.it\/en\/cookies\/\",\"url\":\"https:\/\/www.guidonisrl.it\/en\/cookies\/\",\"name\":\"Cookies - Guidoni srl\",\"isPartOf\":{\"@id\":\"https:\/\/www.guidonisrl.it\/#website\"},\"datePublished\":\"2022-10-21T13:41:24+00:00\",\"dateModified\":\"2023-02-10T11:21:33+00:00\",\"breadcrumb\":{\"@id\":\"https:\/\/www.guidonisrl.it\/en\/cookies\/#breadcrumb\"},\"inLanguage\":\"en-US\",\"potentialAction\":[{\"@type\":\"ReadAction\",\"target\":[\"https:\/\/www.guidonisrl.it\/en\/cookies\/\"]}]},{\"@type\":\"BreadcrumbList\",\"@id\":\"https:\/\/www.guidonisrl.it\/en\/cookies\/#breadcrumb\",\"itemListElement\":[{\"@type\":\"ListItem\",\"position\":1,\"name\":\"Home\",\"item\":\"https:\/\/www.guidonisrl.it\/en\/\"},{\"@type\":\"ListItem\",\"position\":2,\"name\":\"Cookies\"}]},{\"@type\":\"WebSite\",\"@id\":\"https:\/\/www.guidonisrl.it\/#website\",\"url\":\"https:\/\/www.guidonisrl.it\/\",\"name\":\"Guidoni srl\",\"description\":\"Test the Difference\",\"potentialAction\":[{\"@type\":\"SearchAction\",\"target\":{\"@type\":\"EntryPoint\",\"urlTemplate\":\"https:\/\/www.guidonisrl.it\/?s={search_term_string}\"},\"query-input\":{\"@type\":\"PropertyValueSpecification\",\"valueRequired\":true,\"valueName\":\"search_term_string\"}}],\"inLanguage\":\"en-US\"}]}<\/script>\n<!-- \/ Yoast SEO plugin. -->","yoast_head_json":{"title":"Cookies - Guidoni srl","robots":{"index":"index","follow":"follow","max-snippet":"max-snippet:-1","max-image-preview":"max-image-preview:large","max-video-preview":"max-video-preview:-1"},"canonical":"https:\/\/www.guidonisrl.it\/en\/cookies\/","og_locale":"en_US","og_type":"article","og_title":"Cookies - Guidoni srl","og_description":"[vc_row][vc_column][vc_column_text el_class=&#8221;h2Guid&#8221;] COOKIES POLICY [\/vc_column_text][vc_column_text el_class=&#8221;txtGuid&#8221;]DATI DI NAVIGAZIONE Il trattamento dei dati avviene mediante strumenti idonei a garantire la sicurezza e la riservatezza a norma di Legge con accesso controllato e limitato a soggetti autorizzati. Si tratta di informazioni che non sono raccolte per essere associate a interessati identificati, ma che per loro stessa natura [...]","og_url":"https:\/\/www.guidonisrl.it\/en\/cookies\/","og_site_name":"Guidoni srl","article_modified_time":"2023-02-10T11:21:33+00:00","twitter_card":"summary_large_image","twitter_misc":{"Est. reading time":"11 minutes"},"schema":{"@context":"https:\/\/schema.org","@graph":[{"@type":"WebPage","@id":"https:\/\/www.guidonisrl.it\/en\/cookies\/","url":"https:\/\/www.guidonisrl.it\/en\/cookies\/","name":"Cookies - Guidoni srl","isPartOf":{"@id":"https:\/\/www.guidonisrl.it\/#website"},"datePublished":"2022-10-21T13:41:24+00:00","dateModified":"2023-02-10T11:21:33+00:00","breadcrumb":{"@id":"https:\/\/www.guidonisrl.it\/en\/cookies\/#breadcrumb"},"inLanguage":"en-US","potentialAction":[{"@type":"ReadAction","target":["https:\/\/www.guidonisrl.it\/en\/cookies\/"]}]},{"@type":"BreadcrumbList","@id":"https:\/\/www.guidonisrl.it\/en\/cookies\/#breadcrumb","itemListElement":[{"@type":"ListItem","position":1,"name":"Home","item":"https:\/\/www.guidonisrl.it\/en\/"},{"@type":"ListItem","position":2,"name":"Cookies"}]},{"@type":"WebSite","@id":"https:\/\/www.guidonisrl.it\/#website","url":"https:\/\/www.guidonisrl.it\/","name":"Guidoni srl","description":"Test the Difference","potentialAction":[{"@type":"SearchAction","target":{"@type":"EntryPoint","urlTemplate":"https:\/\/www.guidonisrl.it\/?s={search_term_string}"},"query-input":{"@type":"PropertyValueSpecification","valueRequired":true,"valueName":"search_term_string"}}],"inLanguage":"en-US"}]}},"_links":{"self":[{"href":"https:\/\/www.guidonisrl.it\/en\/wp-json\/wp\/v2\/pages\/36961","targetHints":{"allow":["GET"]}}],"collection":[{"href":"https:\/\/www.guidonisrl.it\/en\/wp-json\/wp\/v2\/pages"}],"about":[{"href":"https:\/\/www.guidonisrl.it\/en\/wp-json\/wp\/v2\/types\/page"}],"author":[{"embeddable":true,"href":"https:\/\/www.guidonisrl.it\/en\/wp-json\/wp\/v2\/users\/2"}],"replies":[{"embeddable":true,"href":"https:\/\/www.guidonisrl.it\/en\/wp-json\/wp\/v2\/comments?post=36961"}],"version-history":[{"count":1,"href":"https:\/\/www.guidonisrl.it\/en\/wp-json\/wp\/v2\/pages\/36961\/revisions"}],"predecessor-version":[{"id":36962,"href":"https:\/\/www.guidonisrl.it\/en\/wp-json\/wp\/v2\/pages\/36961\/revisions\/36962"}],"wp:attachment":[{"href":"https:\/\/www.guidonisrl.it\/en\/wp-json\/wp\/v2\/media?parent=36961"}],"curies":[{"name":"wp","href":"https:\/\/api.w.org\/{rel}","templated":true}]}}